{"id":135,"date":"2018-03-01T15:28:08","date_gmt":"2018-03-01T13:28:08","guid":{"rendered":"http:\/\/www.solidaritate.eu\/?page_id=135"},"modified":"2019-01-21T14:21:49","modified_gmt":"2019-01-21T12:21:49","slug":"afilieri-internationale","status":"publish","type":"page","link":"https:\/\/www.solidaritate.eu\/index.php\/despre-noi\/afilieri-internationale\/","title":{"rendered":"Afilieri interna\u021bionale"},"content":{"rendered":"[vc_row][vc_column][vc_column_text]Din 2018, Laboratorul de Solidaritate este membru \u00een cea mai mare re\u021bea de cercetare a economiei sociale din lume CIRIEC.<\/p>\n<p>CIRIEC numit initial &#8220;Centrul Interna\u021bional de Cercetare \u0219i Informare privind Economia colectiv\u0103&#8221; a fost creat \u00een 1947 de c\u0103tre profesorul Edgard MILHAUD , economist francez de la Universitatea din Geneva.<\/p>\n<p>Devenit ulterior Centrul Interna\u021bional de Cercetare \u0219i Informare privind Economia Public\u0103, Social\u0103 \u0219i Cooperativ\u0103 CIRIEC este o organiza\u021bie \u0219tiin\u021bific\u0103 interna\u021bional\u0103 non-guvernamental\u0103.<\/p>\n<p>Obiectivele sale sunt s\u0103 asigure \u0219i s\u0103 promoveze colectarea de informa\u021bii, cercetarea \u0219tiin\u021bific\u0103 \u0219i publicarea de lucr\u0103ri privind sectoarele economice \u0219i activit\u0103\u021bile orientate spre servicii de interes general \u0219i colectiv:<\/p>\n<ul>\n<li>economia social\u0103: cooperative, societ\u0103\u021bi mutuale \u0219i asocia\u021bii f\u0103r\u0103 scop lucrativ<\/li>\n<li>ac\u021biunea statului \u0219i autorit\u0103\u021bilor publice regionale \u0219i locale \u00een domeniile economice (politic\u0103 economic\u0103, reglementare);<\/li>\n<li>servicii publice;<\/li>\n<li>\u00eentreprinderi publice \u0219i mixte la nivel na\u021bional, regional \u0219i local;<\/li>\n<\/ul>\n<p>\u00cen aceste domenii diferite, CIRIEC dezvolt\u0103 activit\u0103\u021bi care intereseaz\u0103 at\u00e2t deciden\u021bii c\u00e2t \u0219i cercet\u0103torii \u0219tiin\u021bifici.<br \/>\nCIRIEC realizeaz\u0103 periodic un raport privind starea economiei sociale \u00een Europa pentru Comitetul Economic \u0219i Social European la care membrele Laboratorului de Solidaritate au contribuit.<\/p>\n<p>Mai multe despre CIRIEC aici: <a href=\"http:\/\/www.ciriec.ulg.ac.be\" target=\"_blank\" rel=\"noopener\">http:\/\/www.ciriec.ulg.ac.be<\/a><\/p>\n<p>Vezi scrisoarea de recunoastere CIRIEC:<\/p>\n[\/vc_column_text]<div class=\"vcex-spacing\" style=\"height:20px\"><\/div><div class=\"vcex-image vcex-module vcex-clr\"><span class=\"vcex-image-inner\"><a href=\"https:\/\/www.solidaritate.eu\/wp-content\/uploads\/2018\/04\/official-recognition-Sol-Lab-Romania-CIRIEC-collective-member.png\" class=\"wpex-lightbox\" data-type=\"image\" data-show_title=\"false\"><img src=\"https:\/\/www.solidaritate.eu\/wp-content\/uploads\/2018\/04\/official-recognition-Sol-Lab-Romania-CIRIEC-collective-member-150x150.png\" width=\"150\" height=\"150\" alt=\"\" data-no-retina=\"\" \/><\/a><\/span><\/div>[\/vc_column][\/vc_row]\n","protected":false},"excerpt":{"rendered":"<p>[vc_row][vc_column][vc_column_text]Din 2018, Laboratorul de Solidaritate este membru \u00een cea mai mare re\u021bea de cercetare a economiei sociale din lume CIRIEC. CIRIEC numit initial &#8220;Centrul Interna\u021bional de Cercetare \u0219i Informare privind Economia colectiv\u0103&#8221; a fost creat \u00een 1947 de c\u0103tre profesorul&hellip;<\/p>\n","protected":false},"author":1,"featured_media":0,"parent":2,"menu_order":0,"comment_status":"closed","ping_status":"closed","template":"","meta":{"_monsterinsights_skip_tracking":false,"_monsterinsights_sitenote_active":false,"_monsterinsights_sitenote_note":"","_monsterinsights_sitenote_category":0},"_links":{"self":[{"href":"https:\/\/www.solidaritate.eu\/index.php\/wp-json\/wp\/v2\/pages\/135"}],"collection":[{"href":"https:\/\/www.solidaritate.eu\/index.php\/wp-json\/wp\/v2\/pages"}],"about":[{"href":"https:\/\/www.solidaritate.eu\/index.php\/wp-json\/wp\/v2\/types\/page"}],"author":[{"embeddable":true,"href":"https:\/\/www.solidaritate.eu\/index.php\/wp-json\/wp\/v2\/users\/1"}],"replies":[{"embeddable":true,"href":"https:\/\/www.solidaritate.eu\/index.php\/wp-json\/wp\/v2\/comments?post=135"}],"version-history":[{"count":9,"href":"https:\/\/www.solidaritate.eu\/index.php\/wp-json\/wp\/v2\/pages\/135\/revisions"}],"predecessor-version":[{"id":338,"href":"https:\/\/www.solidaritate.eu\/index.php\/wp-json\/wp\/v2\/pages\/135\/revisions\/338"}],"up":[{"embeddable":true,"href":"https:\/\/www.solidaritate.eu\/index.php\/wp-json\/wp\/v2\/pages\/2"}],"wp:attachment":[{"href":"https:\/\/www.solidaritate.eu\/index.php\/wp-json\/wp\/v2\/media?parent=135"}],"curies":[{"name":"wp","href":"https:\/\/api.w.org\/{rel}","templated":true}]}}