{"id":1644,"date":"2021-06-11T19:18:11","date_gmt":"2021-06-11T17:18:11","guid":{"rendered":"http:\/\/www.solidaritate.eu\/?page_id=1644"},"modified":"2021-06-11T19:19:14","modified_gmt":"2021-06-11T17:19:14","slug":"unica-sca","status":"publish","type":"page","link":"https:\/\/www.solidaritate.eu\/index.php\/activitati\/proiecte\/cooperformance-ro\/unica-sca\/","title":{"rendered":"Grupul UNICA SCA"},"content":{"rendered":"<h2 style=\"text-align: center;\"><span class=\"tlid-translation translation\" lang=\"ro\">Grupul UNICA SCA<\/span><\/h2>\n<p><img loading=\"lazy\" class=\"size-medium wp-image-1653 aligncenter\" src=\"https:\/\/www.solidaritate.eu\/wp-content\/uploads\/2021\/06\/unica-logo-300x120.jpg\" alt=\"\" width=\"300\" height=\"120\" srcset=\"https:\/\/www.solidaritate.eu\/wp-content\/uploads\/2021\/06\/unica-logo-300x120.jpg 300w, https:\/\/www.solidaritate.eu\/wp-content\/uploads\/2021\/06\/unica-logo.jpg 498w\" sizes=\"(max-width: 300px) 100vw, 300px\" \/><\/p>\n<p>Serele F&amp;L din Almer\u00eda din Spania de Sud-Est sunt considerate \u201egr\u0103dinile de legume\u201d din Europa, deoarece acestea produc peste 2,7 milioane de tone de produse proaspete, aduc o cifr\u0103 de afaceri anual\u0103 \u00een 2018\/2019 de 2.228,0 milioane euro \u0219i ofer\u0103 80 % din produse c\u0103tre export (\u00een aceea\u0219i perioad\u0103), \u00een principal c\u0103tre alte \u021b\u0103ri europene. Sectorul agricol ofer\u0103 locuri de munc\u0103 pentru 76.000 de persoane. Produc\u021bia agricol\u0103 reprezint\u0103 25 % din PIB-ul agricol regional. \u00cen plus, bog\u0103\u021bia sa este distribuit\u0103 pe scar\u0103 larg\u0103. Cu toate acestea, numeroasele cooperative din zon\u0103 \u00eendeplinesc, mai mult sau mai pu\u021bin, aceea\u0219i func\u021bie \u0219i concureaz\u0103 pentru aceia\u0219i clien\u021bi.<img loading=\"lazy\" class=\" wp-image-1651 aligncenter\" src=\"https:\/\/www.solidaritate.eu\/wp-content\/uploads\/2021\/06\/unica-ferme-300x114.jpg\" alt=\"\" width=\"487\" height=\"185\" srcset=\"https:\/\/www.solidaritate.eu\/wp-content\/uploads\/2021\/06\/unica-ferme-300x114.jpg 300w, https:\/\/www.solidaritate.eu\/wp-content\/uploads\/2021\/06\/unica-ferme-768x293.jpg 768w, https:\/\/www.solidaritate.eu\/wp-content\/uploads\/2021\/06\/unica-ferme-1024x390.jpg 1024w, https:\/\/www.solidaritate.eu\/wp-content\/uploads\/2021\/06\/unica-ferme.jpg 1079w\" sizes=\"(max-width: 487px) 100vw, 487px\" \/><\/p>\n<p>\u00cen ultimii 15 ani a existat un sentiment general c\u0103 cooperativele din Almer\u00eda trebuiau s\u0103 se integreze, s\u0103 creasc\u0103 \u0219i s\u0103 reduc\u0103 num\u0103rul cooperativelor care ocup\u0103 aceast\u0103 zon\u0103 geografic\u0103 relativ mic\u0103 \u0219i pia\u021ba F&amp;L. Sectorul agricol din Almer\u00eda se confrunt\u0103 \u00een prezent cu pie\u021be mature, pre\u021buri \u00een sc\u0103dere \u0219i concuren\u021b\u0103 at\u00e2t din partea \u021b\u0103rilor europene, c\u00e2t \u0219i din partea \u021b\u0103rilor ter\u021be. Cooperativele din Almer\u00eda se confrunt\u0103 cu un viitor dificil. Cu toate acestea, \u00eencerc\u0103rile anterioare de a se integra nu au avut succes.<\/p>\n<p><img loading=\"lazy\" class=\" wp-image-1652 aligncenter\" src=\"https:\/\/www.solidaritate.eu\/wp-content\/uploads\/2021\/06\/unica-imagini-300x128.jpg\" alt=\"\" width=\"441\" height=\"188\" srcset=\"https:\/\/www.solidaritate.eu\/wp-content\/uploads\/2021\/06\/unica-imagini-300x128.jpg 300w, https:\/\/www.solidaritate.eu\/wp-content\/uploads\/2021\/06\/unica-imagini-768x329.jpg 768w, https:\/\/www.solidaritate.eu\/wp-content\/uploads\/2021\/06\/unica-imagini-1024x438.jpg 1024w, https:\/\/www.solidaritate.eu\/wp-content\/uploads\/2021\/06\/unica-imagini.jpg 1073w\" sizes=\"(max-width: 441px) 100vw, 441px\" \/>UNICA GROUP SCA, \u00eenfiin\u021bat\u0103 \u00een 2009, a decis s\u0103 func\u021bioneze ca o cooperativ\u0103 de nivelul doi, cu scopul de a promova integrarea \u00een r\u00e2ndul miilor de agricultori care doreau un nou mod de a lucra \u00eempreun\u0103 pentru a-\u0219i \u00eembun\u0103t\u0103\u021bi pozi\u021bia competitiv\u0103, serviciul pentru clien\u021bi \u0219i satisfac\u021bia consumatorilor finali. Principala provocare abordat\u0103 a fost: Cum s\u0103 concur\u0103m pe pie\u021be mature \u0219i s\u0103 asigur\u0103m durabilitatea (economic\u0103, social\u0103 \u0219i de mediu)?Alte aspecte includ: 1) Cum se reconciliaz\u0103 cre\u0219terea economic\u0103 cu angajamentul membrilor \u0219i cum se men\u021bine capitalul social?; 2) Cum s\u0103 men\u021binem identitatea cooperativei?; 3) Cum se pot desf\u0103\u0219ura\/ \u00eentre\u021bine activit\u0103\u021bi de afaceri inovatoare \u0219i durabile?<\/p>\n<p>Studiul de caz \u00een forma extins\u0103 poate fi consultat\u00a0<a href=\"https:\/\/www.solidaritate.eu\/wp-content\/uploads\/2021\/06\/O1_Spain_UNICA_final_romanian.pdf\">la acest link.<\/a><\/p>\n<p><img loading=\"lazy\" class=\"size-medium wp-image-307 aligncenter\" src=\"https:\/\/www.solidaritate.eu\/wp-content\/uploads\/2018\/03\/FINCare_UE-300x66.jpg\" alt=\"\" width=\"300\" height=\"66\" srcset=\"https:\/\/www.solidaritate.eu\/wp-content\/uploads\/2018\/03\/FINCare_UE-300x66.jpg 300w, https:\/\/www.solidaritate.eu\/wp-content\/uploads\/2018\/03\/FINCare_UE.jpg 700w\" sizes=\"(max-width: 300px) 100vw, 300px\" \/><\/p>\n\n\n<p><\/p>\n","protected":false},"excerpt":{"rendered":"<p>Grupul UNICA SCA Serele F&amp;L din Almer\u00eda din Spania de Sud-Est sunt considerate \u201egr\u0103dinile de legume\u201d din Europa, deoarece acestea produc peste 2,7 milioane de tone de produse proaspete, aduc o cifr\u0103 de afaceri anual\u0103 \u00een 2018\/2019 de 2.228,0 milioane&hellip;<\/p>\n","protected":false},"author":1,"featured_media":0,"parent":1532,"menu_order":0,"comment_status":"closed","ping_status":"closed","template":"","meta":{"_monsterinsights_skip_tracking":false,"_monsterinsights_sitenote_active":false,"_monsterinsights_sitenote_note":"","_monsterinsights_sitenote_category":0},"_links":{"self":[{"href":"https:\/\/www.solidaritate.eu\/index.php\/wp-json\/wp\/v2\/pages\/1644"}],"collection":[{"href":"https:\/\/www.solidaritate.eu\/index.php\/wp-json\/wp\/v2\/pages"}],"about":[{"href":"https:\/\/www.solidaritate.eu\/index.php\/wp-json\/wp\/v2\/types\/page"}],"author":[{"embeddable":true,"href":"https:\/\/www.solidaritate.eu\/index.php\/wp-json\/wp\/v2\/users\/1"}],"replies":[{"embeddable":true,"href":"https:\/\/www.solidaritate.eu\/index.php\/wp-json\/wp\/v2\/comments?post=1644"}],"version-history":[{"count":2,"href":"https:\/\/www.solidaritate.eu\/index.php\/wp-json\/wp\/v2\/pages\/1644\/revisions"}],"predecessor-version":[{"id":1668,"href":"https:\/\/www.solidaritate.eu\/index.php\/wp-json\/wp\/v2\/pages\/1644\/revisions\/1668"}],"up":[{"embeddable":true,"href":"https:\/\/www.solidaritate.eu\/index.php\/wp-json\/wp\/v2\/pages\/1532"}],"wp:attachment":[{"href":"https:\/\/www.solidaritate.eu\/index.php\/wp-json\/wp\/v2\/media?parent=1644"}],"curies":[{"name":"wp","href":"https:\/\/api.w.org\/{rel}","templated":true}]}}