{"id":1646,"date":"2021-06-11T19:28:44","date_gmt":"2021-06-11T17:28:44","guid":{"rendered":"http:\/\/www.solidaritate.eu\/?page_id=1646"},"modified":"2021-06-11T19:28:45","modified_gmt":"2021-06-11T17:28:45","slug":"casi-coop","status":"publish","type":"page","link":"https:\/\/www.solidaritate.eu\/index.php\/activitati\/proiecte\/cooperformance-ro\/casi-coop\/","title":{"rendered":"COOPERATIVA PROVINCIAL AGRARIA Y GANADERA SAN ISIDRO-CASI"},"content":{"rendered":"<h2 style=\"text-align: center;\">COOPERATIVA PROVINCIAL AGRARIA Y GANADERA SAN ISIDRO-CASI<\/h2>\n<p><img loading=\"lazy\" class=\"size-medium wp-image-1661 aligncenter\" src=\"https:\/\/www.solidaritate.eu\/wp-content\/uploads\/2021\/06\/casi-logo-300x195.jpg\" alt=\"\" width=\"300\" height=\"195\" srcset=\"https:\/\/www.solidaritate.eu\/wp-content\/uploads\/2021\/06\/casi-logo-300x195.jpg 300w, https:\/\/www.solidaritate.eu\/wp-content\/uploads\/2021\/06\/casi-logo.jpg 353w\" sizes=\"(max-width: 300px) 100vw, 300px\" \/><\/p>\n<p>Cooperativa CASI este cea mai veche cooperativ\u0103 agroalimentar\u0103 din Almer\u00eda. Este o cooperativ\u0103 lider \u00een produc\u021bia \u0219i exportul de ro\u0219ii, de\u0219i este, de asemenea, dedicat\u0103 altor produse, cum ar fi pepenele verde, pepenele galben, dovlecei, castrave\u021bi \u0219i ardei. Se remarc\u0103 prin faptul c\u0103 este o cooperativ\u0103 tradi\u021bional\u0103 cu mai mult de 75 de ani de istorie, care a \u0219tiut cum s\u0103 se adapteze la nevoile pie\u021bei, lupt\u00e2nd \u00een ultimii ani pentru a cre\u0219te varietatea produselor cu valoare ad\u0103ugat\u0103 pentru a se putea diferen\u021bia pe pia\u021b\u0103 \u0219i pentru a continua s\u0103 fie foarte competitiv\u0103.<\/p>\n<p><img loading=\"lazy\" class=\" wp-image-1660 aligncenter\" src=\"https:\/\/www.solidaritate.eu\/wp-content\/uploads\/2021\/06\/casi-facilitati-300x256.jpg\" alt=\"\" width=\"391\" height=\"334\" srcset=\"https:\/\/www.solidaritate.eu\/wp-content\/uploads\/2021\/06\/casi-facilitati-300x256.jpg 300w, https:\/\/www.solidaritate.eu\/wp-content\/uploads\/2021\/06\/casi-facilitati-768x656.jpg 768w, https:\/\/www.solidaritate.eu\/wp-content\/uploads\/2021\/06\/casi-facilitati.jpg 796w\" sizes=\"(max-width: 391px) 100vw, 391px\" \/>\u00cen plus, o mare parte a produc\u021biei sale este ecologic\u0103 \u0219i are numeroase certificate de calitate care demonstreaz\u0103 know-how-ul \u0219i angajamentul s\u0103u fa\u021b\u0103 de siguran\u021ba alimentar\u0103 \u0219i a mediului. De\u0219i s-a remarcat \u00eentotdeauna prin intermediul licita\u021biilor \u0219i prin sistemul s\u0103u de marketing, \u00een ultimii<br \/>ani a crescut substan\u021bial v\u00e2nz\u0103rile directe.<\/p>\n<p><img loading=\"lazy\" class=\" wp-image-1662 aligncenter\" src=\"https:\/\/www.solidaritate.eu\/wp-content\/uploads\/2021\/06\/casi-parteneriate-300x260.jpg\" alt=\"\" width=\"384\" height=\"333\" srcset=\"https:\/\/www.solidaritate.eu\/wp-content\/uploads\/2021\/06\/casi-parteneriate-300x260.jpg 300w, https:\/\/www.solidaritate.eu\/wp-content\/uploads\/2021\/06\/casi-parteneriate.jpg 614w\" sizes=\"(max-width: 384px) 100vw, 384px\" \/>Principala problem\u0103 cu care trebuie s\u0103 se confrunte este cre\u0219terea semnificativ\u0103 a importurilor \u00een Europa \u0219i Spania din \u021b\u0103ri ter\u021be, cum ar fi Marocul sau Turcia, care pot produce mai ieftin, deoarece salariile lucr\u0103torilor lor sunt mult mai mici \u0219i sunt supuse unor controale mai reduse privind siguran\u021ba alimentar\u0103.Chiar \u0219i a\u0219a, a reu\u0219it s\u0103-\u0219i men\u021bin\u0103 prezen\u021ba interna\u021bional\u0103 datorit\u0103 inova\u021biei constante \u0219i diversific\u0103rii.<\/p>\n<p>Studiul de caz \u00een forma extins\u0103 poate fi consultat\u00a0<a href=\"https:\/\/www.solidaritate.eu\/wp-content\/uploads\/2021\/06\/O1_Spain_Casi_final_romanian.pdf\">la acest link.<\/a><\/p>\n<p><img loading=\"lazy\" class=\"size-medium wp-image-307 aligncenter\" src=\"https:\/\/www.solidaritate.eu\/wp-content\/uploads\/2018\/03\/FINCare_UE-300x66.jpg\" alt=\"\" width=\"300\" height=\"66\" srcset=\"https:\/\/www.solidaritate.eu\/wp-content\/uploads\/2018\/03\/FINCare_UE-300x66.jpg 300w, https:\/\/www.solidaritate.eu\/wp-content\/uploads\/2018\/03\/FINCare_UE.jpg 700w\" sizes=\"(max-width: 300px) 100vw, 300px\" \/><\/p>\n\n\n<p><\/p>\n","protected":false},"excerpt":{"rendered":"<p>COOPERATIVA PROVINCIAL AGRARIA Y GANADERA SAN ISIDRO-CASI Cooperativa CASI este cea mai veche cooperativ\u0103 agroalimentar\u0103 din Almer\u00eda. Este o cooperativ\u0103 lider \u00een produc\u021bia \u0219i exportul de ro\u0219ii, de\u0219i este, de asemenea, dedicat\u0103 altor produse, cum ar fi pepenele verde, pepenele&hellip;<\/p>\n","protected":false},"author":1,"featured_media":0,"parent":1532,"menu_order":0,"comment_status":"closed","ping_status":"closed","template":"","meta":{"_monsterinsights_skip_tracking":false,"_monsterinsights_sitenote_active":false,"_monsterinsights_sitenote_note":"","_monsterinsights_sitenote_category":0},"_links":{"self":[{"href":"https:\/\/www.solidaritate.eu\/index.php\/wp-json\/wp\/v2\/pages\/1646"}],"collection":[{"href":"https:\/\/www.solidaritate.eu\/index.php\/wp-json\/wp\/v2\/pages"}],"about":[{"href":"https:\/\/www.solidaritate.eu\/index.php\/wp-json\/wp\/v2\/types\/page"}],"author":[{"embeddable":true,"href":"https:\/\/www.solidaritate.eu\/index.php\/wp-json\/wp\/v2\/users\/1"}],"replies":[{"embeddable":true,"href":"https:\/\/www.solidaritate.eu\/index.php\/wp-json\/wp\/v2\/comments?post=1646"}],"version-history":[{"count":1,"href":"https:\/\/www.solidaritate.eu\/index.php\/wp-json\/wp\/v2\/pages\/1646\/revisions"}],"predecessor-version":[{"id":1671,"href":"https:\/\/www.solidaritate.eu\/index.php\/wp-json\/wp\/v2\/pages\/1646\/revisions\/1671"}],"up":[{"embeddable":true,"href":"https:\/\/www.solidaritate.eu\/index.php\/wp-json\/wp\/v2\/pages\/1532"}],"wp:attachment":[{"href":"https:\/\/www.solidaritate.eu\/index.php\/wp-json\/wp\/v2\/media?parent=1646"}],"curies":[{"name":"wp","href":"https:\/\/api.w.org\/{rel}","templated":true}]}}