{"id":301,"date":"2018-03-25T11:40:09","date_gmt":"2018-03-25T09:40:09","guid":{"rendered":"http:\/\/www.solidaritate.eu\/?page_id=301"},"modified":"2019-04-18T09:42:44","modified_gmt":"2019-04-18T07:42:44","slug":"fincare","status":"publish","type":"page","link":"https:\/\/www.solidaritate.eu\/index.php\/activitati\/proiecte\/fincare\/","title":{"rendered":"FINCare"},"content":{"rendered":"\n<h2>NOU! Raport privind educa\u021bia \u0219i alfabetizarea finaciar\u0103 a adul\u021bilor <\/h2>\n\n\n\n<p>Laboratorul  de Solidaritate a prezentat ieri <em><strong>Raportul privind educa\u021bia \u0219i  alfabetizarea financiar\u0103 a adul\u021bilor cu nivel sc\u0103zut de educa\u021bie \u00een Rom\u00e2nia &#8211; Rolul caselor de ajutor reciproc<\/strong><\/em> \u00een cadrul Seminarului  organizat de Uniunea Na\u021bional\u0103 a CARS din Rom\u00e2nia la care au participat  peste 120 de reprezentan\u021bi ai unor case \u0219i uniuni jude\u021bene.\u00a0\u00a0<\/p>\n\n\n\n<p>Raportul \u00een format complet este disponibil <a href=\"https:\/\/www.solidaritate.eu\/wp-content\/uploads\/2019\/04\/FINAL-Raport-FinCare-RO-.pdf\">aici<\/a>. <\/p>\n\n\n\n<p>Mai multe fotografii de la eveniment, pe Facebook, <a href=\"https:\/\/www.facebook.com\/pg\/solidaritate.eu\/photos\/?tab=album&amp;album_id=2484988415076825&amp;__xts__%5B0%5D=68.ARA-EDzevNXERe4nxxcZ5vGIw51_17jEvULueTAFwCIWCY8ml0Nv625mXfsKL1WCTSS1FD4zVD9AxPjNGj8iCg639q4lvwUk5QuZGY6pl75f2A8Z1ACDabQH7cwg-NTjbGv_3_9RrvBhjghGrvlNPrGp9nbTtojY1UrmVlzTN6ZntNWkaimznddCsORFJWRdMIcN6DLcRTN1Vov0t-ETA66G8ipujyVlYOt2PZsuLWFD0dR4ZIzH52OQ0dDQ9sdKnaSIwcb9fGio1c3dgZhskgqV98DPZ-b7OiwboYSz9gFKN1YVTLTa31qS0Zihb1MLylM1RrNRIkrccnyOBSfFRvY-Iwi0E6M2nTseaQ5oN_dThG4cia3M9lyRylrinrTYJAoV5AV4EoJhcHyYrK7DNv7XrcQOuHWxZGX7mAOvEcNQcIQ71ivZ8PxCSZT6irHHAKrZgRpAGee0LyoQylRQKv9EV0uGXxO2aT8BcmkqKp0JadnLCx7qL1Sf1MJJ_ZOVm7bAI00srj-icW4WCWTOVDV4ZF9XqsCQamS00T8D98-c1X20lA&amp;__tn__=-UCH-R\">aici<\/a>.<\/p>\n\n\n<h2>FINCare &#8211; Alfabetizare financiar\u0103 prin institu\u021bii financiare sociale<\/h2>\n<p>Uniunea Na\u021bional\u0103 a Caselor de Ajutor Reciproc ale Salaria\u021bilor din Rom\u00e2nia UNCARSR si Laboratorul de Solidaritate au demarat proiectul FINCare &#8211; Alfabetizare financiar\u0103 prin institu\u021bii financiare sociale, un proiect pentru dezvoltarea capacit\u0103\u021bii de educare financiar\u0103 a caselor de ajutor reciproc din Rom\u00e2nia.<\/p>\n<p>Rom\u00e2nia este puternic afectat\u0103 de excluziunea financiar\u0103, lipsa educa\u021biei financiare \u0219i supra\u00eendatorare. La noi se \u00eenregistreaz\u0103 cel mai mic acces la servicii financiare din Uniunea European\u0103 &#8211; aproape 40% din cet\u0103\u021benii rom\u00e2ni neav\u00e2nd acces la servicii financiare, numai 60,8% din popula\u021bia de 15 ani \u015fi peste din Rom\u00e2nia de\u021bin\u00e2nd un cont la o institu\u021bie financiar\u0103, fa\u021b\u0103 de media la nivelul zonei Euro de 94,8%. Accesul la servicii financiare este \u0219i mai redus \u00een r\u00e2ndul popula\u021biei cu nivel sc\u0103zut de educa\u021bie de numai 34,4% \u015fi \u00een r\u00e2ndul popula\u021biei rurale de numai 56,4%. Se remarc\u0103 \u00eens\u0103 cre\u015fterea galopant\u0103, cu 50% \u00een numai 3 ani, a accesului la institu\u021bii financiare \u00een mediul rural. \u00cen acela\u0219i timp Rom\u00e2nia este \u021bara cu cea mai mare pondere a persoanelor care apeleaz\u0103 la \u00eemprumuturi \u0219i cu cel mai sc\u0103zut nivel al educa\u021biei financiare. Numai 22% din popula\u021bia Rom\u00e2niei este alfabetizat\u0103 financiar comparative cu media \u00een Uniunea European\u0103 de 52%.<\/p>\n<p>Proiectul FinCARe va permite dezvoltarea programelor \u0219i materialelor de educa\u021bie financiar\u0103 ale caselor de ajutor reciproc \u0219i dezvoltarea competen\u021belor lucr\u0103torilor din sistem. Ace\u0219tia vor fi astfel mai bine echipa\u021bi pentru a sprijini dezvolt\u0103rii competen\u021belor financiare ale membrilor cu prec\u0103dere a celor defavoriza\u021bi pornind de la experien\u021ba caselor de credit cooperatist din regiunea italian\u0103 Trento. De asemenea se va dezvolta guvernan\u021ba social\u0103 a CAR din Rom\u00e2nia pornind de la experien\u021ba uniunilor de credit din Marea Britanie. \u00cen cadrul proiectului 18 formatori CAR se vor instrui \u00een programe speciale \u00een Marea Britanie \u0219i Italia \u00een cursul anului 2018 \u0219i apoi vor \u00eemp\u0103rt\u0103\u0219i cuno\u0219tin\u021bele lor c\u0103tre al\u021bi 80 de colegi \u00een dou\u0103 evenimente de multiplicare \u00een Rom\u00e2nia \u00een cursul anului 2019,unul dedicate educa\u021biei financiare \u0219i unul guvernan\u021bei casei de ajutor reciproc. Cercet\u0103torii ALS vor realiza un studiu national privind situa\u021bia educa\u021biei financiare \u00een r\u00e2ndul popula\u021biei excluse social \u0219i vor dezvolta material de formare a formatorilor. Proiectul este finan\u021bat de programul Erasmus al Uniunii Europene buget total 221,135 Euro din care UNCARSR 68,350 Euro \u0219i ALS 25,260 Euro.<\/p>\n<p>Parteneri:<\/p>\n<p>Uniunea Na\u021bional\u0103 a Caselor de Ajutor Reciproc ale Salaria\u021bilor din Rom\u00e2nia UNCARSR<\/p>\n<p><a href=\"http:\/\/www.uncar.ro\" target=\"_blank\" rel=\"noopener\">http:\/\/www.uncar.ro<\/a><\/p>\n<p>The Co-operative Family Credit Union<\/p>\n<p><a href=\"http:\/\/www.co-operativecreditunion.coop\" target=\"_blank\" rel=\"noopener\">http:\/\/www.co-operativecreditunion.coop<\/a><\/p>\n<p>Liverpool John Moores University<\/p>\n<p><a href=\"http:\/\/www.ljmu.ac.uk\" target=\"_blank\" rel=\"noopener\">http:\/\/www.ljmu.ac.uk<\/a><\/p>\n<p>Federazione Trentina della Cooperazione<\/p>\n<p><a href=\"http:\/\/www.cooperazionetrentina.it\" target=\"_blank\" rel=\"noopener\">http:\/\/www.cooperazionetrentina.it<\/a><\/p>\n<p>Formazione Lavoro<\/p>\n<p><a href=\"http:\/\/www.formazione-lavoro.net\" target=\"_blank\" rel=\"noopener\">http:\/\/www.formazione-lavoro.net<\/a><\/p>\n<p><img loading=\"lazy\" class=\"alignnone size-medium wp-image-306\" src=\"https:\/\/www.solidaritate.eu\/wp-content\/uploads\/2018\/03\/FINCare-300x225.jpg\" alt=\"\" width=\"300\" height=\"225\" srcset=\"https:\/\/www.solidaritate.eu\/wp-content\/uploads\/2018\/03\/FINCare-300x225.jpg 300w, https:\/\/www.solidaritate.eu\/wp-content\/uploads\/2018\/03\/FINCare.jpg 450w\" sizes=\"(max-width: 300px) 100vw, 300px\" \/><\/p>\n<p><img loading=\"lazy\" class=\"alignnone size-medium wp-image-307\" src=\"https:\/\/www.solidaritate.eu\/wp-content\/uploads\/2018\/03\/FINCare_UE-300x66.jpg\" alt=\"\" width=\"300\" height=\"66\" srcset=\"https:\/\/www.solidaritate.eu\/wp-content\/uploads\/2018\/03\/FINCare_UE-300x66.jpg 300w, https:\/\/www.solidaritate.eu\/wp-content\/uploads\/2018\/03\/FINCare_UE.jpg 700w\" sizes=\"(max-width: 300px) 100vw, 300px\" \/><\/p>\n<p>Mai multe detalii despre proiect aici: <a href=\"http:\/\/www.uncar.ro\/Erasmus\/Prezentare.aspx\" target=\"_blank\" rel=\"noopener\">http:\/\/www.uncar.ro\/Erasmus\/Prezentare.aspx<\/a><\/p>","protected":false},"excerpt":{"rendered":"<p>NOU! Raport privind educa\u021bia \u0219i alfabetizarea finaciar\u0103 a adul\u021bilor Laboratorul de Solidaritate a prezentat ieri Raportul privind educa\u021bia \u0219i alfabetizarea financiar\u0103 a adul\u021bilor cu nivel sc\u0103zut de educa\u021bie \u00een Rom\u00e2nia &#8211; Rolul caselor de ajutor reciproc \u00een cadrul Seminarului organizat&hellip;<\/p>\n","protected":false},"author":1,"featured_media":0,"parent":362,"menu_order":0,"comment_status":"closed","ping_status":"closed","template":"","meta":{"_monsterinsights_skip_tracking":false,"_monsterinsights_sitenote_active":false,"_monsterinsights_sitenote_note":"","_monsterinsights_sitenote_category":0},"_links":{"self":[{"href":"https:\/\/www.solidaritate.eu\/index.php\/wp-json\/wp\/v2\/pages\/301"}],"collection":[{"href":"https:\/\/www.solidaritate.eu\/index.php\/wp-json\/wp\/v2\/pages"}],"about":[{"href":"https:\/\/www.solidaritate.eu\/index.php\/wp-json\/wp\/v2\/types\/page"}],"author":[{"embeddable":true,"href":"https:\/\/www.solidaritate.eu\/index.php\/wp-json\/wp\/v2\/users\/1"}],"replies":[{"embeddable":true,"href":"https:\/\/www.solidaritate.eu\/index.php\/wp-json\/wp\/v2\/comments?post=301"}],"version-history":[{"count":5,"href":"https:\/\/www.solidaritate.eu\/index.php\/wp-json\/wp\/v2\/pages\/301\/revisions"}],"predecessor-version":[{"id":1531,"href":"https:\/\/www.solidaritate.eu\/index.php\/wp-json\/wp\/v2\/pages\/301\/revisions\/1531"}],"up":[{"embeddable":true,"href":"https:\/\/www.solidaritate.eu\/index.php\/wp-json\/wp\/v2\/pages\/362"}],"wp:attachment":[{"href":"https:\/\/www.solidaritate.eu\/index.php\/wp-json\/wp\/v2\/media?parent=301"}],"curies":[{"name":"wp","href":"https:\/\/api.w.org\/{rel}","templated":true}]}}